{"id":253,"date":"2020-10-13T18:04:51","date_gmt":"2020-10-13T18:04:51","guid":{"rendered":"https:\/\/karvebuilders.com\/our-story\/"},"modified":"2022-12-01T21:35:26","modified_gmt":"2022-12-01T21:35:26","slug":"notre-histoire","status":"publish","type":"page","link":"https:\/\/karvebuilders.com\/fr\/notre-histoire\/","title":{"rendered":"Notre histoire"},"content":{"rendered":"<p>Nos valeurs intrins\u00e8ques : La signification de Karve<\/p>\n<p>Lors du choix du nom de notre entreprise, il \u00e9tait primordial de choisir un nom qui apportait un sens \u00e0 nos vies, \u00e0 celle de notre \u00e9quipe et de nos partenaires.<\/p>\n<p>Nous nous sommes inspir\u00e9s de la culture norv\u00e9gienne, et de l&rsquo;\u00e8re des Vikings. Le \u00ab\u00a0Karve\u00a0\u00bb \u00e9tait un bateau \u00e0 large coque appartenant \u00e0 la flotte des Vikings. Il \u00e9tait constamment utilis\u00e9 pour assurer le transport des personnes de differentes communaut\u00e9s, des marchandises et du b\u00e9tail, ceci en toute s\u00e9curit\u00e9, \u00e0 travers des eaux \u00e0 la fois agit\u00e9es et peu profondes.<\/p>\n<p>Nous pensons que le mot \u00ab Karve \u00bb refl\u00e8te notre culture d\u2019entreprise. Notre activit\u00e9 principale consiste \u00e0 soutenir nos partenaires \u00e0 qui nous fournissons des h\u00e9bergements s\u00e9curitaires, confortables et de qualit\u00e9 sup\u00e9rieure, destin\u00e9s \u00e0 des personnes qui vivent loin de chez elles. Chaque jour, nous donnons vie \u00e0 ces valeurs. Nous sommes fiers de notre appellation, Karve Builders Canada Inc.<\/p>\n<p>Karve Builders : Excellence en construction de b\u00e2timents modulaires<\/p>\n<p>Karve Builders est une entreprise de construction cl\u00e9s en main sp\u00e9cialis\u00e9e dans l&rsquo;installation de syst\u00e8mes pr\u00e9fabriqu\u00e9s modulaires tels que :<\/p>\n<ul>\n<li>R\u00e9sidences pour travailleurs log\u00e9s dans des zones \u00e9loign\u00e9es<\/li>\n<li>Location d\u2019espaces<\/li>\n<li>Constructions Permanentes (multi logements locatifs, etc.)<\/li>\n<\/ul>\n<p>Notre \u00e9quipe se compose des meilleurs sp\u00e9cialistes en design et construction modulaire. Alors que Karve fut \u00e9tablie initialement dans l&rsquo;Ouest canadien, Karve Builders \u00e9tend son expertise \u00e0 travers tout le Canada.<\/p>\n","protected":false},"excerpt":{"rendered":"<p>Nos valeurs intrins\u00e8ques : La signification de Karve Lors du choix du nom de notre entreprise, il \u00e9tait primordial de choisir un nom qui apportait un sens \u00e0 nos vies, \u00e0 celle de notre \u00e9quipe et de nos partenaires. Nous nous sommes inspir\u00e9s de la culture norv\u00e9gienne, et de l&rsquo;\u00e8re des Vikings. Le \u00ab\u00a0Karve\u00a0\u00bb \u00e9tait &hellip; <a href=\"https:\/\/karvebuilders.com\/fr\/notre-histoire\/\">Continued<\/a><\/p>\n","protected":false},"author":2,"featured_media":0,"parent":0,"menu_order":0,"comment_status":"closed","ping_status":"closed","template":"","meta":{"_acf_changed":false,"footnotes":""},"class_list":["post-253","page","type-page","status-publish","hentry"],"acf":[],"yoast_head":"<!-- This site is optimized with the Yoast SEO plugin v26.8 - https:\/\/yoast.com\/product\/yoast-seo-wordpress\/ -->\n<title>Notre histoire &#8212; Karve Builders<\/title>\n<meta name=\"robots\" content=\"index, follow, max-snippet:-1, max-image-preview:large, max-video-preview:-1\" \/>\n<link rel=\"canonical\" href=\"https:\/\/karvebuilders.com\/fr\/notre-histoire\/\" \/>\n<meta property=\"og:locale\" content=\"fr_FR\" \/>\n<meta property=\"og:type\" content=\"article\" \/>\n<meta property=\"og:title\" content=\"Notre histoire &#8212; Karve Builders\" \/>\n<meta property=\"og:description\" content=\"Nos valeurs intrins\u00e8ques : La signification de Karve Lors du choix du nom de notre entreprise, il \u00e9tait primordial de choisir un nom qui apportait un sens \u00e0 nos vies, \u00e0 celle de notre \u00e9quipe et de nos partenaires. Nous nous sommes inspir\u00e9s de la culture norv\u00e9gienne, et de l&rsquo;\u00e8re des Vikings. Le \u00ab\u00a0Karve\u00a0\u00bb \u00e9tait &hellip; Continued\" \/>\n<meta property=\"og:url\" content=\"https:\/\/karvebuilders.com\/fr\/notre-histoire\/\" \/>\n<meta property=\"og:site_name\" content=\"Karve Builders\" \/>\n<meta property=\"article:modified_time\" content=\"2022-12-01T21:35:26+00:00\" \/>\n<meta name=\"twitter:card\" content=\"summary_large_image\" \/>\n<meta name=\"twitter:label1\" content=\"Dur\u00e9e de lecture estim\u00e9e\" \/>\n\t<meta name=\"twitter:data1\" content=\"2 minutes\" \/>\n<script type=\"application\/ld+json\" class=\"yoast-schema-graph\">{\"@context\":\"https:\/\/schema.org\",\"@graph\":[{\"@type\":\"WebPage\",\"@id\":\"https:\/\/karvebuilders.com\/fr\/notre-histoire\/\",\"url\":\"https:\/\/karvebuilders.com\/fr\/notre-histoire\/\",\"name\":\"Notre histoire &#8212; Karve Builders\",\"isPartOf\":{\"@id\":\"https:\/\/karvebuilders.com\/fr\/#website\"},\"datePublished\":\"2020-10-13T18:04:51+00:00\",\"dateModified\":\"2022-12-01T21:35:26+00:00\",\"breadcrumb\":{\"@id\":\"https:\/\/karvebuilders.com\/fr\/notre-histoire\/#breadcrumb\"},\"inLanguage\":\"fr-FR\",\"potentialAction\":[{\"@type\":\"ReadAction\",\"target\":[\"https:\/\/karvebuilders.com\/fr\/notre-histoire\/\"]}]},{\"@type\":\"BreadcrumbList\",\"@id\":\"https:\/\/karvebuilders.com\/fr\/notre-histoire\/#breadcrumb\",\"itemListElement\":[{\"@type\":\"ListItem\",\"position\":1,\"name\":\"Home\",\"item\":\"https:\/\/karvebuilders.com\/fr\/\"},{\"@type\":\"ListItem\",\"position\":2,\"name\":\"Notre histoire\"}]},{\"@type\":\"WebSite\",\"@id\":\"https:\/\/karvebuilders.com\/fr\/#website\",\"url\":\"https:\/\/karvebuilders.com\/fr\/\",\"name\":\"Karve Builders\",\"description\":\"Construction Management & Site Services Support for your Turnkey Modular Project Needs\\r\\n\",\"publisher\":{\"@id\":\"https:\/\/karvebuilders.com\/fr\/#organization\"},\"potentialAction\":[{\"@type\":\"SearchAction\",\"target\":{\"@type\":\"EntryPoint\",\"urlTemplate\":\"https:\/\/karvebuilders.com\/fr\/?s={search_term_string}\"},\"query-input\":{\"@type\":\"PropertyValueSpecification\",\"valueRequired\":true,\"valueName\":\"search_term_string\"}}],\"inLanguage\":\"fr-FR\"},{\"@type\":\"Organization\",\"@id\":\"https:\/\/karvebuilders.com\/fr\/#organization\",\"name\":\"Karve Builders\",\"url\":\"https:\/\/karvebuilders.com\/fr\/\",\"logo\":{\"@type\":\"ImageObject\",\"inLanguage\":\"fr-FR\",\"@id\":\"https:\/\/karvebuilders.com\/fr\/#\/schema\/logo\/image\/\",\"url\":\"https:\/\/karvebuilders.com\/wp-content\/uploads\/2020\/10\/logo-transparent.png\",\"contentUrl\":\"https:\/\/karvebuilders.com\/wp-content\/uploads\/2020\/10\/logo-transparent.png\",\"width\":200,\"height\":150,\"caption\":\"Karve Builders\"},\"image\":{\"@id\":\"https:\/\/karvebuilders.com\/fr\/#\/schema\/logo\/image\/\"}}]}<\/script>\n<!-- \/ Yoast SEO plugin. -->","yoast_head_json":{"title":"Notre histoire &#8212; Karve Builders","robots":{"index":"index","follow":"follow","max-snippet":"max-snippet:-1","max-image-preview":"max-image-preview:large","max-video-preview":"max-video-preview:-1"},"canonical":"https:\/\/karvebuilders.com\/fr\/notre-histoire\/","og_locale":"fr_FR","og_type":"article","og_title":"Notre histoire &#8212; Karve Builders","og_description":"Nos valeurs intrins\u00e8ques : La signification de Karve Lors du choix du nom de notre entreprise, il \u00e9tait primordial de choisir un nom qui apportait un sens \u00e0 nos vies, \u00e0 celle de notre \u00e9quipe et de nos partenaires. Nous nous sommes inspir\u00e9s de la culture norv\u00e9gienne, et de l&rsquo;\u00e8re des Vikings. Le \u00ab\u00a0Karve\u00a0\u00bb \u00e9tait &hellip; Continued","og_url":"https:\/\/karvebuilders.com\/fr\/notre-histoire\/","og_site_name":"Karve Builders","article_modified_time":"2022-12-01T21:35:26+00:00","twitter_card":"summary_large_image","twitter_misc":{"Dur\u00e9e de lecture estim\u00e9e":"2 minutes"},"schema":{"@context":"https:\/\/schema.org","@graph":[{"@type":"WebPage","@id":"https:\/\/karvebuilders.com\/fr\/notre-histoire\/","url":"https:\/\/karvebuilders.com\/fr\/notre-histoire\/","name":"Notre histoire &#8212; Karve Builders","isPartOf":{"@id":"https:\/\/karvebuilders.com\/fr\/#website"},"datePublished":"2020-10-13T18:04:51+00:00","dateModified":"2022-12-01T21:35:26+00:00","breadcrumb":{"@id":"https:\/\/karvebuilders.com\/fr\/notre-histoire\/#breadcrumb"},"inLanguage":"fr-FR","potentialAction":[{"@type":"ReadAction","target":["https:\/\/karvebuilders.com\/fr\/notre-histoire\/"]}]},{"@type":"BreadcrumbList","@id":"https:\/\/karvebuilders.com\/fr\/notre-histoire\/#breadcrumb","itemListElement":[{"@type":"ListItem","position":1,"name":"Home","item":"https:\/\/karvebuilders.com\/fr\/"},{"@type":"ListItem","position":2,"name":"Notre histoire"}]},{"@type":"WebSite","@id":"https:\/\/karvebuilders.com\/fr\/#website","url":"https:\/\/karvebuilders.com\/fr\/","name":"Karve Builders","description":"Construction Management & Site Services Support for your Turnkey Modular Project Needs\r\n","publisher":{"@id":"https:\/\/karvebuilders.com\/fr\/#organization"},"potentialAction":[{"@type":"SearchAction","target":{"@type":"EntryPoint","urlTemplate":"https:\/\/karvebuilders.com\/fr\/?s={search_term_string}"},"query-input":{"@type":"PropertyValueSpecification","valueRequired":true,"valueName":"search_term_string"}}],"inLanguage":"fr-FR"},{"@type":"Organization","@id":"https:\/\/karvebuilders.com\/fr\/#organization","name":"Karve Builders","url":"https:\/\/karvebuilders.com\/fr\/","logo":{"@type":"ImageObject","inLanguage":"fr-FR","@id":"https:\/\/karvebuilders.com\/fr\/#\/schema\/logo\/image\/","url":"https:\/\/karvebuilders.com\/wp-content\/uploads\/2020\/10\/logo-transparent.png","contentUrl":"https:\/\/karvebuilders.com\/wp-content\/uploads\/2020\/10\/logo-transparent.png","width":200,"height":150,"caption":"Karve Builders"},"image":{"@id":"https:\/\/karvebuilders.com\/fr\/#\/schema\/logo\/image\/"}}]}},"_links":{"self":[{"href":"https:\/\/karvebuilders.com\/fr\/wp-json\/wp\/v2\/pages\/253","targetHints":{"allow":["GET"]}}],"collection":[{"href":"https:\/\/karvebuilders.com\/fr\/wp-json\/wp\/v2\/pages"}],"about":[{"href":"https:\/\/karvebuilders.com\/fr\/wp-json\/wp\/v2\/types\/page"}],"author":[{"embeddable":true,"href":"https:\/\/karvebuilders.com\/fr\/wp-json\/wp\/v2\/users\/2"}],"replies":[{"embeddable":true,"href":"https:\/\/karvebuilders.com\/fr\/wp-json\/wp\/v2\/comments?post=253"}],"version-history":[{"count":1,"href":"https:\/\/karvebuilders.com\/fr\/wp-json\/wp\/v2\/pages\/253\/revisions"}],"predecessor-version":[{"id":254,"href":"https:\/\/karvebuilders.com\/fr\/wp-json\/wp\/v2\/pages\/253\/revisions\/254"}],"wp:attachment":[{"href":"https:\/\/karvebuilders.com\/fr\/wp-json\/wp\/v2\/media?parent=253"}],"curies":[{"name":"wp","href":"https:\/\/api.w.org\/{rel}","templated":true}]}}