{"id":242,"date":"2021-06-16T20:27:29","date_gmt":"2021-06-16T20:27:29","guid":{"rendered":"https:\/\/karvebuilders.com\/projects\/"},"modified":"2024-04-10T20:26:04","modified_gmt":"2024-04-10T20:26:04","slug":"karve-projects","status":"publish","type":"page","link":"https:\/\/karvebuilders.com\/fr\/karve-projects\/","title":{"rendered":"Projets"},"content":{"rendered":"<p>Avec Karve, vous pouvez vous attendre \u00e0 de grandes r\u00e9alisations. En collaborant sur les projets de nos clients, nous avons acquis une vaste exp\u00e9rience soumise \u00e0 des contraintes d\u2019\u00e9ch\u00e9ancier tr\u00e8s exigeantes; et ce, dans certaines des r\u00e9gions les plus \u00e9loign\u00e9es du Canada. Habitu\u00e9s \u00e0 travailler en \u00e9troite collaboration avec les conventions collectives locales, nous nous assurons que toutes les parties prenantes sont rassur\u00e9es.<\/p>\n<p><strong>Projets en cours<\/strong><\/p>\n<p><a href=\"https:\/\/karvebuilders.com\/projects\/feature-project-iam-gold\/\"><strong>IAM Gold<\/strong><\/a><\/p>\n<p><a href=\"https:\/\/karvebuilders.com\/projects\/argonaut-gold\/\"><strong>Argonaut Gold<\/strong><\/a><\/p>\n<p><a href=\"https:\/\/karvebuilders.com\/projects\/greenstone\/\"><strong>Greenstone<\/strong><\/a><\/p>\n<p><strong>Mt. Merrick<\/strong><\/p>\n<p><strong>Projets Completes<\/strong><\/p>\n<p><strong>Sioux Lookout<\/strong><\/p>\n<p><strong>TMX Clearwater<\/strong><\/p>\n<p><strong>Moosehaven Dismantle<\/strong><\/p>\n<p><strong>Big Fish<\/strong><\/p>\n","protected":false},"excerpt":{"rendered":"<p>Avec Karve, vous pouvez vous attendre \u00e0 de grandes r\u00e9alisations. En collaborant sur les projets de nos clients, nous avons acquis une vaste exp\u00e9rience soumise \u00e0 des contraintes d\u2019\u00e9ch\u00e9ancier tr\u00e8s exigeantes; et ce, dans certaines des r\u00e9gions les plus \u00e9loign\u00e9es du Canada. Habitu\u00e9s \u00e0 travailler en \u00e9troite collaboration avec les conventions collectives locales, nous nous &hellip; <a href=\"https:\/\/karvebuilders.com\/fr\/karve-projects\/\">Continued<\/a><\/p>\n","protected":false},"author":2,"featured_media":0,"parent":0,"menu_order":0,"comment_status":"closed","ping_status":"closed","template":"","meta":{"_acf_changed":false,"footnotes":""},"class_list":["post-242","page","type-page","status-publish","hentry"],"acf":[],"yoast_head":"<!-- This site is optimized with the Yoast SEO plugin v26.8 - https:\/\/yoast.com\/product\/yoast-seo-wordpress\/ -->\n<title>Projets &#8212; Karve Builders<\/title>\n<meta name=\"robots\" content=\"index, follow, max-snippet:-1, max-image-preview:large, max-video-preview:-1\" \/>\n<link rel=\"canonical\" href=\"https:\/\/karvebuilders.com\/fr\/karve-projects\/\" \/>\n<meta property=\"og:locale\" content=\"fr_FR\" \/>\n<meta property=\"og:type\" content=\"article\" \/>\n<meta property=\"og:title\" content=\"Projets &#8212; Karve Builders\" \/>\n<meta property=\"og:description\" content=\"Avec Karve, vous pouvez vous attendre \u00e0 de grandes r\u00e9alisations. En collaborant sur les projets de nos clients, nous avons acquis une vaste exp\u00e9rience soumise \u00e0 des contraintes d\u2019\u00e9ch\u00e9ancier tr\u00e8s exigeantes; et ce, dans certaines des r\u00e9gions les plus \u00e9loign\u00e9es du Canada. Habitu\u00e9s \u00e0 travailler en \u00e9troite collaboration avec les conventions collectives locales, nous nous &hellip; Continued\" \/>\n<meta property=\"og:url\" content=\"https:\/\/karvebuilders.com\/fr\/karve-projects\/\" \/>\n<meta property=\"og:site_name\" content=\"Karve Builders\" \/>\n<meta property=\"article:modified_time\" content=\"2024-04-10T20:26:04+00:00\" \/>\n<meta name=\"twitter:card\" content=\"summary_large_image\" \/>\n<meta name=\"twitter:label1\" content=\"Dur\u00e9e de lecture estim\u00e9e\" \/>\n\t<meta name=\"twitter:data1\" content=\"1 minute\" \/>\n<script type=\"application\/ld+json\" class=\"yoast-schema-graph\">{\"@context\":\"https:\/\/schema.org\",\"@graph\":[{\"@type\":\"WebPage\",\"@id\":\"https:\/\/karvebuilders.com\/fr\/karve-projects\/\",\"url\":\"https:\/\/karvebuilders.com\/fr\/karve-projects\/\",\"name\":\"Projets &#8212; Karve Builders\",\"isPartOf\":{\"@id\":\"https:\/\/karvebuilders.com\/fr\/#website\"},\"datePublished\":\"2021-06-16T20:27:29+00:00\",\"dateModified\":\"2024-04-10T20:26:04+00:00\",\"breadcrumb\":{\"@id\":\"https:\/\/karvebuilders.com\/fr\/karve-projects\/#breadcrumb\"},\"inLanguage\":\"fr-FR\",\"potentialAction\":[{\"@type\":\"ReadAction\",\"target\":[\"https:\/\/karvebuilders.com\/fr\/karve-projects\/\"]}]},{\"@type\":\"BreadcrumbList\",\"@id\":\"https:\/\/karvebuilders.com\/fr\/karve-projects\/#breadcrumb\",\"itemListElement\":[{\"@type\":\"ListItem\",\"position\":1,\"name\":\"Home\",\"item\":\"https:\/\/karvebuilders.com\/fr\/\"},{\"@type\":\"ListItem\",\"position\":2,\"name\":\"Projets\"}]},{\"@type\":\"WebSite\",\"@id\":\"https:\/\/karvebuilders.com\/fr\/#website\",\"url\":\"https:\/\/karvebuilders.com\/fr\/\",\"name\":\"Karve Builders\",\"description\":\"Construction Management & Site Services Support for your Turnkey Modular Project Needs\\r\\n\",\"publisher\":{\"@id\":\"https:\/\/karvebuilders.com\/fr\/#organization\"},\"potentialAction\":[{\"@type\":\"SearchAction\",\"target\":{\"@type\":\"EntryPoint\",\"urlTemplate\":\"https:\/\/karvebuilders.com\/fr\/?s={search_term_string}\"},\"query-input\":{\"@type\":\"PropertyValueSpecification\",\"valueRequired\":true,\"valueName\":\"search_term_string\"}}],\"inLanguage\":\"fr-FR\"},{\"@type\":\"Organization\",\"@id\":\"https:\/\/karvebuilders.com\/fr\/#organization\",\"name\":\"Karve Builders\",\"url\":\"https:\/\/karvebuilders.com\/fr\/\",\"logo\":{\"@type\":\"ImageObject\",\"inLanguage\":\"fr-FR\",\"@id\":\"https:\/\/karvebuilders.com\/fr\/#\/schema\/logo\/image\/\",\"url\":\"https:\/\/karvebuilders.com\/wp-content\/uploads\/2020\/10\/logo-transparent.png\",\"contentUrl\":\"https:\/\/karvebuilders.com\/wp-content\/uploads\/2020\/10\/logo-transparent.png\",\"width\":200,\"height\":150,\"caption\":\"Karve Builders\"},\"image\":{\"@id\":\"https:\/\/karvebuilders.com\/fr\/#\/schema\/logo\/image\/\"}}]}<\/script>\n<!-- \/ Yoast SEO plugin. -->","yoast_head_json":{"title":"Projets &#8212; Karve Builders","robots":{"index":"index","follow":"follow","max-snippet":"max-snippet:-1","max-image-preview":"max-image-preview:large","max-video-preview":"max-video-preview:-1"},"canonical":"https:\/\/karvebuilders.com\/fr\/karve-projects\/","og_locale":"fr_FR","og_type":"article","og_title":"Projets &#8212; Karve Builders","og_description":"Avec Karve, vous pouvez vous attendre \u00e0 de grandes r\u00e9alisations. En collaborant sur les projets de nos clients, nous avons acquis une vaste exp\u00e9rience soumise \u00e0 des contraintes d\u2019\u00e9ch\u00e9ancier tr\u00e8s exigeantes; et ce, dans certaines des r\u00e9gions les plus \u00e9loign\u00e9es du Canada. Habitu\u00e9s \u00e0 travailler en \u00e9troite collaboration avec les conventions collectives locales, nous nous &hellip; Continued","og_url":"https:\/\/karvebuilders.com\/fr\/karve-projects\/","og_site_name":"Karve Builders","article_modified_time":"2024-04-10T20:26:04+00:00","twitter_card":"summary_large_image","twitter_misc":{"Dur\u00e9e de lecture estim\u00e9e":"1 minute"},"schema":{"@context":"https:\/\/schema.org","@graph":[{"@type":"WebPage","@id":"https:\/\/karvebuilders.com\/fr\/karve-projects\/","url":"https:\/\/karvebuilders.com\/fr\/karve-projects\/","name":"Projets &#8212; Karve Builders","isPartOf":{"@id":"https:\/\/karvebuilders.com\/fr\/#website"},"datePublished":"2021-06-16T20:27:29+00:00","dateModified":"2024-04-10T20:26:04+00:00","breadcrumb":{"@id":"https:\/\/karvebuilders.com\/fr\/karve-projects\/#breadcrumb"},"inLanguage":"fr-FR","potentialAction":[{"@type":"ReadAction","target":["https:\/\/karvebuilders.com\/fr\/karve-projects\/"]}]},{"@type":"BreadcrumbList","@id":"https:\/\/karvebuilders.com\/fr\/karve-projects\/#breadcrumb","itemListElement":[{"@type":"ListItem","position":1,"name":"Home","item":"https:\/\/karvebuilders.com\/fr\/"},{"@type":"ListItem","position":2,"name":"Projets"}]},{"@type":"WebSite","@id":"https:\/\/karvebuilders.com\/fr\/#website","url":"https:\/\/karvebuilders.com\/fr\/","name":"Karve Builders","description":"Construction Management & Site Services Support for your Turnkey Modular Project Needs\r\n","publisher":{"@id":"https:\/\/karvebuilders.com\/fr\/#organization"},"potentialAction":[{"@type":"SearchAction","target":{"@type":"EntryPoint","urlTemplate":"https:\/\/karvebuilders.com\/fr\/?s={search_term_string}"},"query-input":{"@type":"PropertyValueSpecification","valueRequired":true,"valueName":"search_term_string"}}],"inLanguage":"fr-FR"},{"@type":"Organization","@id":"https:\/\/karvebuilders.com\/fr\/#organization","name":"Karve Builders","url":"https:\/\/karvebuilders.com\/fr\/","logo":{"@type":"ImageObject","inLanguage":"fr-FR","@id":"https:\/\/karvebuilders.com\/fr\/#\/schema\/logo\/image\/","url":"https:\/\/karvebuilders.com\/wp-content\/uploads\/2020\/10\/logo-transparent.png","contentUrl":"https:\/\/karvebuilders.com\/wp-content\/uploads\/2020\/10\/logo-transparent.png","width":200,"height":150,"caption":"Karve Builders"},"image":{"@id":"https:\/\/karvebuilders.com\/fr\/#\/schema\/logo\/image\/"}}]}},"_links":{"self":[{"href":"https:\/\/karvebuilders.com\/fr\/wp-json\/wp\/v2\/pages\/242","targetHints":{"allow":["GET"]}}],"collection":[{"href":"https:\/\/karvebuilders.com\/fr\/wp-json\/wp\/v2\/pages"}],"about":[{"href":"https:\/\/karvebuilders.com\/fr\/wp-json\/wp\/v2\/types\/page"}],"author":[{"embeddable":true,"href":"https:\/\/karvebuilders.com\/fr\/wp-json\/wp\/v2\/users\/2"}],"replies":[{"embeddable":true,"href":"https:\/\/karvebuilders.com\/fr\/wp-json\/wp\/v2\/comments?post=242"}],"version-history":[{"count":2,"href":"https:\/\/karvebuilders.com\/fr\/wp-json\/wp\/v2\/pages\/242\/revisions"}],"predecessor-version":[{"id":280,"href":"https:\/\/karvebuilders.com\/fr\/wp-json\/wp\/v2\/pages\/242\/revisions\/280"}],"wp:attachment":[{"href":"https:\/\/karvebuilders.com\/fr\/wp-json\/wp\/v2\/media?parent=242"}],"curies":[{"name":"wp","href":"https:\/\/api.w.org\/{rel}","templated":true}]}}