{"id":239,"date":"2021-06-16T17:56:01","date_gmt":"2021-06-16T17:56:01","guid":{"rendered":"https:\/\/karvebuilders.com\/careers\/"},"modified":"2022-12-01T21:30:33","modified_gmt":"2022-12-01T21:30:33","slug":"carrieres","status":"publish","type":"page","link":"https:\/\/karvebuilders.com\/fr\/carrieres\/","title":{"rendered":"Carri\u00e8res"},"content":{"rendered":"<p><strong>Ce sont nos gens qui font la diff\u00e9rence<\/strong><\/p>\n<p>Forts du travail que nous accomplissons, nous sommes fiers de livrer des services de construction cl\u00e9s en main qui permettent \u00e0 notre client\u00e8le d&rsquo;optimiser leur productivit\u00e9, dans certaines des r\u00e9gions les plus \u00e9loign\u00e9es du pays !<\/p>\n<p>La vie \u00e0 Karve est active, mais bien \u00e9quilibr\u00e9e. Nous cr\u00e9ons une culture dans laquelle nous pouvons tous nous \u00e9panouir &#8211; avec une collaboration constante et une communication ouverte.<\/p>\n<p>Nous sommes passionn\u00e9s par ce que nous construisons et les b\u00e2timents que nous offrons \u00e0 nos clients. C\u2019est ce qui nous motive pour r\u00e9aliser leurs travaux d\u2019envergure.<\/p>\n<p>Karve recrute actuellement des travailleurs qualifi\u00e9s dans tous nos corps de m\u00e9tiers; charpentiers-menuisiers, \u00e9lectriciens, plombiers\/tuyauteurs, etc.<\/p>\n<p>Cela r\u00e9sonne en vous ? Contactez-nous pour plus d&rsquo;informations.<\/p>\n<div class=\"frm_forms \" id=\"frm_form_1_container\" >\n<form enctype=\"multipart\/form-data\" method=\"post\" class=\"frm-show-form  frm_pro_form \" id=\"form_contact-form\" >\n<div class=\"frm_form_fields \">\n<fieldset>\n<legend class=\"frm_screen_reader\">Contactez-nous<\/legend>\r\n\r\n<div class=\"frm_fields_container\">\n<input type=\"hidden\" name=\"frm_action\" value=\"create\" \/>\n<input type=\"hidden\" name=\"form_id\" value=\"1\" \/>\n<input type=\"hidden\" name=\"frm_hide_fields_1\" id=\"frm_hide_fields_1\" value=\"\" \/>\n<input type=\"hidden\" name=\"form_key\" value=\"contact-form\" \/>\n<input type=\"hidden\" name=\"item_meta[0]\" value=\"\" \/>\n<input type=\"hidden\" id=\"frm_submit_entry_1\" name=\"frm_submit_entry_1\" value=\"e7a3f18150\" \/><input type=\"hidden\" name=\"_wp_http_referer\" value=\"\/fr\/wp-json\/wp\/v2\/pages\/239\" \/><div id=\"frm_field_1_container\" class=\"field frm_form_field form-field  frm_required_field frm_top_container\">\r\n    <input  type=\"text\" id=\"field_qh4icy\" name=\"item_meta[1]\" value=\"\"  placeholder=\"First Name\" data-reqmsg=\"Ce champ ne peut \u00eatre vide.\" aria-required=\"true\" data-invmsg=\"Name is invalid\" class=\"input\" aria-invalid=\"false\"   \/>\r\n    \r\n    \r\n<\/div>\n<div id=\"frm_field_2_container\" class=\"field frm_form_field form-field  frm_required_field frm_top_container\">\r\n    <input  type=\"text\" id=\"field_ocfup1\" name=\"item_meta[2]\" value=\"\"  placeholder=\"Last Name\" data-reqmsg=\"Ce champ ne peut \u00eatre vide.\" aria-required=\"true\" data-invmsg=\"Last is invalid\" class=\"input\" aria-invalid=\"false\"   \/>\r\n    \r\n    \r\n<\/div>\n<div id=\"frm_field_3_container\" class=\"field frm_form_field form-field  frm_required_field frm_top_container frm_full\">\r\n    <input type=\"email\" id=\"field_29yf4d\" name=\"item_meta[3]\" value=\"\"  placeholder=\"Email Address\" data-reqmsg=\"Ce champ ne peut \u00eatre vide.\" aria-required=\"true\" data-invmsg=\"S&#039;il vous pla\u00eet, mettez une adresse email valide\" class=\"input\" aria-invalid=\"false\"  \/>\r\n    \r\n    \r\n<\/div>\n<div id=\"frm_field_4_container\" class=\"field frm_form_field form-field  frm_required_field frm_top_container frm_full\">\r\n    <input  type=\"text\" id=\"field_e6lis6\" name=\"item_meta[4]\" value=\"\"  placeholder=\"Subject\" data-reqmsg=\"Ce champ ne peut \u00eatre vide.\" aria-required=\"true\" data-invmsg=\"Subject is invalid\" class=\"input\" aria-invalid=\"false\"   \/>\r\n    \r\n    \r\n<\/div>\n<div id=\"frm_field_5_container\" class=\"field frm_form_field form-field  frm_required_field frm_top_container frm_full\">\r\n    <textarea name=\"item_meta[5]\" id=\"field_9jv0r1\" rows=\"5\"  placeholder=\"Message\" data-reqmsg=\"Ce champ ne peut \u00eatre vide.\" aria-required=\"true\" data-invmsg=\"Message is invalid\" class=\"textarea\" aria-invalid=\"false\"  ><\/textarea>\r\n    \r\n    \r\n<\/div>\n\t<input type=\"hidden\" name=\"item_key\" value=\"\" \/>\n\t\t\t<div id=\"frm_field_6_container\">\n\t\t\t<label for=\"field_4w550\" >\n\t\t\t\tSi vous \u00eates un humain, ne remplissez pas ce champ.\t\t\t<\/label>\n\t\t\t<input  id=\"field_4w550\" type=\"text\" class=\"frm_form_field form-field frm_verify\" name=\"item_meta[6]\" value=\"\"  \/>\n\t\t<\/div>\n\t\t<input name=\"frm_state\" type=\"hidden\" value=\"LXzOhE6w+82PZrELMg9pst8FvvEYAxrPZbjxClrShklB7AipVEsHh1XnxUgY3C9W\" \/><div class=\"has-text-left\">\r\n\r\n<button class=\"button button-orange is-medium has-text-white\" type=\"submit\"   class=\"frm_final_submit\" formnovalidate=\"formnovalidate\">Soumettre<\/button>\r\n\r\n<\/div><\/div>\n<\/fieldset>\n<\/div>\n\n<\/form>\n<\/div>\n\n","protected":false},"excerpt":{"rendered":"<p>Ce sont nos gens qui font la diff\u00e9rence Forts du travail que nous accomplissons, nous sommes fiers de livrer des services de construction cl\u00e9s en main qui permettent \u00e0 notre client\u00e8le d&rsquo;optimiser leur productivit\u00e9, dans certaines des r\u00e9gions les plus \u00e9loign\u00e9es du pays ! La vie \u00e0 Karve est active, mais bien \u00e9quilibr\u00e9e. Nous cr\u00e9ons &hellip; <a href=\"https:\/\/karvebuilders.com\/fr\/carrieres\/\">Continued<\/a><\/p>\n","protected":false},"author":2,"featured_media":0,"parent":0,"menu_order":0,"comment_status":"closed","ping_status":"closed","template":"","meta":{"_acf_changed":false,"footnotes":""},"class_list":["post-239","page","type-page","status-publish","hentry"],"acf":[],"yoast_head":"<!-- This site is optimized with the Yoast SEO plugin v26.8 - https:\/\/yoast.com\/product\/yoast-seo-wordpress\/ -->\n<title>Carri\u00e8res &#8212; Karve Builders<\/title>\n<meta name=\"robots\" content=\"index, follow, max-snippet:-1, max-image-preview:large, max-video-preview:-1\" \/>\n<link rel=\"canonical\" href=\"https:\/\/karvebuilders.com\/fr\/carrieres\/\" \/>\n<meta property=\"og:locale\" content=\"fr_FR\" \/>\n<meta property=\"og:type\" content=\"article\" \/>\n<meta property=\"og:title\" content=\"Carri\u00e8res &#8212; Karve Builders\" \/>\n<meta property=\"og:description\" content=\"Ce sont nos gens qui font la diff\u00e9rence Forts du travail que nous accomplissons, nous sommes fiers de livrer des services de construction cl\u00e9s en main qui permettent \u00e0 notre client\u00e8le d&rsquo;optimiser leur productivit\u00e9, dans certaines des r\u00e9gions les plus \u00e9loign\u00e9es du pays ! La vie \u00e0 Karve est active, mais bien \u00e9quilibr\u00e9e. Nous cr\u00e9ons &hellip; Continued\" \/>\n<meta property=\"og:url\" content=\"https:\/\/karvebuilders.com\/fr\/carrieres\/\" \/>\n<meta property=\"og:site_name\" content=\"Karve Builders\" \/>\n<meta property=\"article:modified_time\" content=\"2022-12-01T21:30:33+00:00\" \/>\n<meta name=\"twitter:card\" content=\"summary_large_image\" \/>\n<meta name=\"twitter:label1\" content=\"Dur\u00e9e de lecture estim\u00e9e\" \/>\n\t<meta name=\"twitter:data1\" content=\"1 minute\" \/>\n<script type=\"application\/ld+json\" class=\"yoast-schema-graph\">{\"@context\":\"https:\/\/schema.org\",\"@graph\":[{\"@type\":\"WebPage\",\"@id\":\"https:\/\/karvebuilders.com\/fr\/carrieres\/\",\"url\":\"https:\/\/karvebuilders.com\/fr\/carrieres\/\",\"name\":\"Carri\u00e8res &#8212; Karve Builders\",\"isPartOf\":{\"@id\":\"https:\/\/karvebuilders.com\/fr\/#website\"},\"datePublished\":\"2021-06-16T17:56:01+00:00\",\"dateModified\":\"2022-12-01T21:30:33+00:00\",\"breadcrumb\":{\"@id\":\"https:\/\/karvebuilders.com\/fr\/carrieres\/#breadcrumb\"},\"inLanguage\":\"fr-FR\",\"potentialAction\":[{\"@type\":\"ReadAction\",\"target\":[\"https:\/\/karvebuilders.com\/fr\/carrieres\/\"]}]},{\"@type\":\"BreadcrumbList\",\"@id\":\"https:\/\/karvebuilders.com\/fr\/carrieres\/#breadcrumb\",\"itemListElement\":[{\"@type\":\"ListItem\",\"position\":1,\"name\":\"Home\",\"item\":\"https:\/\/karvebuilders.com\/fr\/\"},{\"@type\":\"ListItem\",\"position\":2,\"name\":\"Carri\u00e8res\"}]},{\"@type\":\"WebSite\",\"@id\":\"https:\/\/karvebuilders.com\/fr\/#website\",\"url\":\"https:\/\/karvebuilders.com\/fr\/\",\"name\":\"Karve Builders\",\"description\":\"Construction Management & Site Services Support for your Turnkey Modular Project Needs\\r\\n\",\"publisher\":{\"@id\":\"https:\/\/karvebuilders.com\/fr\/#organization\"},\"potentialAction\":[{\"@type\":\"SearchAction\",\"target\":{\"@type\":\"EntryPoint\",\"urlTemplate\":\"https:\/\/karvebuilders.com\/fr\/?s={search_term_string}\"},\"query-input\":{\"@type\":\"PropertyValueSpecification\",\"valueRequired\":true,\"valueName\":\"search_term_string\"}}],\"inLanguage\":\"fr-FR\"},{\"@type\":\"Organization\",\"@id\":\"https:\/\/karvebuilders.com\/fr\/#organization\",\"name\":\"Karve Builders\",\"url\":\"https:\/\/karvebuilders.com\/fr\/\",\"logo\":{\"@type\":\"ImageObject\",\"inLanguage\":\"fr-FR\",\"@id\":\"https:\/\/karvebuilders.com\/fr\/#\/schema\/logo\/image\/\",\"url\":\"https:\/\/karvebuilders.com\/wp-content\/uploads\/2020\/10\/logo-transparent.png\",\"contentUrl\":\"https:\/\/karvebuilders.com\/wp-content\/uploads\/2020\/10\/logo-transparent.png\",\"width\":200,\"height\":150,\"caption\":\"Karve Builders\"},\"image\":{\"@id\":\"https:\/\/karvebuilders.com\/fr\/#\/schema\/logo\/image\/\"}}]}<\/script>\n<!-- \/ Yoast SEO plugin. -->","yoast_head_json":{"title":"Carri\u00e8res &#8212; Karve Builders","robots":{"index":"index","follow":"follow","max-snippet":"max-snippet:-1","max-image-preview":"max-image-preview:large","max-video-preview":"max-video-preview:-1"},"canonical":"https:\/\/karvebuilders.com\/fr\/carrieres\/","og_locale":"fr_FR","og_type":"article","og_title":"Carri\u00e8res &#8212; Karve Builders","og_description":"Ce sont nos gens qui font la diff\u00e9rence Forts du travail que nous accomplissons, nous sommes fiers de livrer des services de construction cl\u00e9s en main qui permettent \u00e0 notre client\u00e8le d&rsquo;optimiser leur productivit\u00e9, dans certaines des r\u00e9gions les plus \u00e9loign\u00e9es du pays ! La vie \u00e0 Karve est active, mais bien \u00e9quilibr\u00e9e. Nous cr\u00e9ons &hellip; Continued","og_url":"https:\/\/karvebuilders.com\/fr\/carrieres\/","og_site_name":"Karve Builders","article_modified_time":"2022-12-01T21:30:33+00:00","twitter_card":"summary_large_image","twitter_misc":{"Dur\u00e9e de lecture estim\u00e9e":"1 minute"},"schema":{"@context":"https:\/\/schema.org","@graph":[{"@type":"WebPage","@id":"https:\/\/karvebuilders.com\/fr\/carrieres\/","url":"https:\/\/karvebuilders.com\/fr\/carrieres\/","name":"Carri\u00e8res &#8212; Karve Builders","isPartOf":{"@id":"https:\/\/karvebuilders.com\/fr\/#website"},"datePublished":"2021-06-16T17:56:01+00:00","dateModified":"2022-12-01T21:30:33+00:00","breadcrumb":{"@id":"https:\/\/karvebuilders.com\/fr\/carrieres\/#breadcrumb"},"inLanguage":"fr-FR","potentialAction":[{"@type":"ReadAction","target":["https:\/\/karvebuilders.com\/fr\/carrieres\/"]}]},{"@type":"BreadcrumbList","@id":"https:\/\/karvebuilders.com\/fr\/carrieres\/#breadcrumb","itemListElement":[{"@type":"ListItem","position":1,"name":"Home","item":"https:\/\/karvebuilders.com\/fr\/"},{"@type":"ListItem","position":2,"name":"Carri\u00e8res"}]},{"@type":"WebSite","@id":"https:\/\/karvebuilders.com\/fr\/#website","url":"https:\/\/karvebuilders.com\/fr\/","name":"Karve Builders","description":"Construction Management & Site Services Support for your Turnkey Modular Project Needs\r\n","publisher":{"@id":"https:\/\/karvebuilders.com\/fr\/#organization"},"potentialAction":[{"@type":"SearchAction","target":{"@type":"EntryPoint","urlTemplate":"https:\/\/karvebuilders.com\/fr\/?s={search_term_string}"},"query-input":{"@type":"PropertyValueSpecification","valueRequired":true,"valueName":"search_term_string"}}],"inLanguage":"fr-FR"},{"@type":"Organization","@id":"https:\/\/karvebuilders.com\/fr\/#organization","name":"Karve Builders","url":"https:\/\/karvebuilders.com\/fr\/","logo":{"@type":"ImageObject","inLanguage":"fr-FR","@id":"https:\/\/karvebuilders.com\/fr\/#\/schema\/logo\/image\/","url":"https:\/\/karvebuilders.com\/wp-content\/uploads\/2020\/10\/logo-transparent.png","contentUrl":"https:\/\/karvebuilders.com\/wp-content\/uploads\/2020\/10\/logo-transparent.png","width":200,"height":150,"caption":"Karve Builders"},"image":{"@id":"https:\/\/karvebuilders.com\/fr\/#\/schema\/logo\/image\/"}}]}},"_links":{"self":[{"href":"https:\/\/karvebuilders.com\/fr\/wp-json\/wp\/v2\/pages\/239","targetHints":{"allow":["GET"]}}],"collection":[{"href":"https:\/\/karvebuilders.com\/fr\/wp-json\/wp\/v2\/pages"}],"about":[{"href":"https:\/\/karvebuilders.com\/fr\/wp-json\/wp\/v2\/types\/page"}],"author":[{"embeddable":true,"href":"https:\/\/karvebuilders.com\/fr\/wp-json\/wp\/v2\/users\/2"}],"replies":[{"embeddable":true,"href":"https:\/\/karvebuilders.com\/fr\/wp-json\/wp\/v2\/comments?post=239"}],"version-history":[{"count":1,"href":"https:\/\/karvebuilders.com\/fr\/wp-json\/wp\/v2\/pages\/239\/revisions"}],"predecessor-version":[{"id":240,"href":"https:\/\/karvebuilders.com\/fr\/wp-json\/wp\/v2\/pages\/239\/revisions\/240"}],"wp:attachment":[{"href":"https:\/\/karvebuilders.com\/fr\/wp-json\/wp\/v2\/media?parent=239"}],"curies":[{"name":"wp","href":"https:\/\/api.w.org\/{rel}","templated":true}]}}