{"id":228,"date":"2021-06-16T17:53:09","date_gmt":"2021-06-16T17:53:09","guid":{"rendered":"https:\/\/karvebuilders.com\/health-safety-environment\/"},"modified":"2022-12-01T21:22:07","modified_gmt":"2022-12-01T21:22:07","slug":"sante-securite-environnement","status":"publish","type":"page","link":"https:\/\/karvebuilders.com\/fr\/sante-securite-environnement\/","title":{"rendered":"Sant\u00e9, S\u00e9curit\u00e9 + Environnement"},"content":{"rendered":"<p>La sant\u00e9 et la s\u00e9curit\u00e9 sont au c\u0153ur de toutes nos actions<\/p>\n<p>Notre culture de la sant\u00e9 et de la s\u00e9curit\u00e9 permet \u00e0 l&rsquo;\u00e9quipe de Karve Builders et \u00e0 ses partenaires de participer pleinement \u00e0 l\u2019accomplissement de notre objectif, dans un environnement sain et exempt de blessures. En tant qu&rsquo;entreprise certifi\u00e9e COR, le programme ESST de Karve Builders respecte ou surpasse les crit\u00e8res de la l\u00e9gislation et de la r\u00e9glementation applicables en mati\u00e8re de s\u00e9curit\u00e9.<\/p>\n<p><strong>Nos principes cl\u00e9s<\/strong><\/p>\n<p>&#8211; Maintenir un programme ESST \u00e0 la pointe des meilleures pratiques et proc\u00e9dures de l&rsquo;industrie.<\/p>\n<p>&#8211; Respecter, voire d\u00e9passer en tout temps, toutes les normes des r\u00e8glements environnementales ESST en vigueur.<\/p>\n<p>&#8211; Assurer des conditions de travail s\u00e9curitaires \u00e0 tous les employ\u00e9s et consultants, d\u00e9ploy\u00e9s sur les sites de Karve Builders.<\/p>\n<p>&#8211; Surveiller les performances en mati\u00e8re de sant\u00e9 s\u00e9curit\u00e9 afin d\u2019en \u00e9liminer les risques, de fa\u00e7on proactive.<\/p>\n<p>&#8211; Signaler et communiquer sur les performances s\u00e9curitaires, ainsi qu\u2019avertir tous les niveaux de l&rsquo;organisation.<\/p>\n<p><strong>Notre objectif est de cr\u00e9er, pour tous les employ\u00e9s, un lieu de travail s\u00e9curitaire, exempt de blessure. En \u0153uvrant ensemble, nous pouvons atteindre cet objectif.<\/strong><\/p>\n<p>\u00c0 Karve Builders, nous croyons fermement que les normes les plus \u00e9lev\u00e9es en mati\u00e8re de ESST sont atteintes gr\u00e2ce au leadership, \u00e0 la communication et \u00e0 l&rsquo;\u00e9ducation de tout un chacun. Cette approche garantira le d\u00e9veloppement de sa culture SSE, et nous permettra d&rsquo;atteindre nos objectifs SSE. Elle nous assurera que toutes les personnes impliqu\u00e9es dans notre programme, \u00e0 savoir les membres de notre \u00e9quipe, retournent, \u00e0 la fin de chaque journ\u00e9e de travail, aupr\u00e8s de leur famille sains et saufs.\u00a0 Karve Builders reste convaincu que chacun sur le site a un r\u00f4le \u00e0 jouer dans l\u2018am\u00e9nagement d&rsquo;un espace de travail s\u00e9curitaire. Nous y parvenons en rendant les individus responsables et conscients de leur r\u00f4le dans le programme de s\u00e9curit\u00e9. Les superviseurs sont bien form\u00e9s et connaissent les pratiques et la l\u00e9gislation de ESST. Les ouvriers et les consultants sont entrain\u00e9s et comp\u00e9tents, en termes de responsabilit\u00e9s ESST. Et on attend d\u2019eux qu\u2019ils participent activement et en tout temps, au programme de s\u00e9curit\u00e9.<\/p>\n<p><strong>Nous nous effor\u00e7ons d&rsquo;\u00eatre chefs de file dans notre secteur, en mati\u00e8re de performances environnementales.<\/strong><\/p>\n<p>Karve Builders aspire \u00e0 toujours veiller \u00e0 ce que son empreinte environnementale soit, la plus \u00e9cologique possible. Nous y parvenons, gr\u00e2ce \u00e0 une planification d&rsquo;avant-projet suivie d\u2019une mise \u00e0 ex\u00e9cution sur site, rigoureuse. Nos ouvriers et superviseurs sont form\u00e9s, en cas de d\u00e9versement, \u00e0 intervenir et \u00e0 enqu\u00eater. Ils garantiront, dans le cas improbable d&rsquo;un incident \u00e9cologique sur site, de tout mettre en \u0153uvre pour minimiser l&rsquo;impact et apporter \u00e0 notre client\u00e8le, et \u00e0 toutes les administrations comp\u00e9tentes, leur pleine coop\u00e9ration.<\/p>\n","protected":false},"excerpt":{"rendered":"<p>La sant\u00e9 et la s\u00e9curit\u00e9 sont au c\u0153ur de toutes nos actions Notre culture de la sant\u00e9 et de la s\u00e9curit\u00e9 permet \u00e0 l&rsquo;\u00e9quipe de Karve Builders et \u00e0 ses partenaires de participer pleinement \u00e0 l\u2019accomplissement de notre objectif, dans un environnement sain et exempt de blessures. En tant qu&rsquo;entreprise certifi\u00e9e COR, le programme ESST &hellip; <a href=\"https:\/\/karvebuilders.com\/fr\/sante-securite-environnement\/\">Continued<\/a><\/p>\n","protected":false},"author":2,"featured_media":0,"parent":0,"menu_order":0,"comment_status":"closed","ping_status":"closed","template":"","meta":{"_acf_changed":false,"footnotes":""},"class_list":["post-228","page","type-page","status-publish","hentry"],"acf":[],"yoast_head":"<!-- This site is optimized with the Yoast SEO plugin v26.8 - https:\/\/yoast.com\/product\/yoast-seo-wordpress\/ -->\n<title>Sant\u00e9, S\u00e9curit\u00e9 + Environnement &#8212; Karve Builders<\/title>\n<meta name=\"robots\" content=\"index, follow, max-snippet:-1, max-image-preview:large, max-video-preview:-1\" \/>\n<link rel=\"canonical\" href=\"https:\/\/karvebuilders.com\/fr\/sante-securite-environnement\/\" \/>\n<meta property=\"og:locale\" content=\"fr_FR\" \/>\n<meta property=\"og:type\" content=\"article\" \/>\n<meta property=\"og:title\" content=\"Sant\u00e9, S\u00e9curit\u00e9 + Environnement &#8212; Karve Builders\" \/>\n<meta property=\"og:description\" content=\"La sant\u00e9 et la s\u00e9curit\u00e9 sont au c\u0153ur de toutes nos actions Notre culture de la sant\u00e9 et de la s\u00e9curit\u00e9 permet \u00e0 l&rsquo;\u00e9quipe de Karve Builders et \u00e0 ses partenaires de participer pleinement \u00e0 l\u2019accomplissement de notre objectif, dans un environnement sain et exempt de blessures. En tant qu&rsquo;entreprise certifi\u00e9e COR, le programme ESST &hellip; Continued\" \/>\n<meta property=\"og:url\" content=\"https:\/\/karvebuilders.com\/fr\/sante-securite-environnement\/\" \/>\n<meta property=\"og:site_name\" content=\"Karve Builders\" \/>\n<meta property=\"article:modified_time\" content=\"2022-12-01T21:22:07+00:00\" \/>\n<meta name=\"twitter:card\" content=\"summary_large_image\" \/>\n<meta name=\"twitter:label1\" content=\"Dur\u00e9e de lecture estim\u00e9e\" \/>\n\t<meta name=\"twitter:data1\" content=\"2 minutes\" \/>\n<script type=\"application\/ld+json\" class=\"yoast-schema-graph\">{\"@context\":\"https:\/\/schema.org\",\"@graph\":[{\"@type\":\"WebPage\",\"@id\":\"https:\/\/karvebuilders.com\/fr\/sante-securite-environnement\/\",\"url\":\"https:\/\/karvebuilders.com\/fr\/sante-securite-environnement\/\",\"name\":\"Sant\u00e9, S\u00e9curit\u00e9 + Environnement &#8212; Karve Builders\",\"isPartOf\":{\"@id\":\"https:\/\/karvebuilders.com\/fr\/#website\"},\"datePublished\":\"2021-06-16T17:53:09+00:00\",\"dateModified\":\"2022-12-01T21:22:07+00:00\",\"breadcrumb\":{\"@id\":\"https:\/\/karvebuilders.com\/fr\/sante-securite-environnement\/#breadcrumb\"},\"inLanguage\":\"fr-FR\",\"potentialAction\":[{\"@type\":\"ReadAction\",\"target\":[\"https:\/\/karvebuilders.com\/fr\/sante-securite-environnement\/\"]}]},{\"@type\":\"BreadcrumbList\",\"@id\":\"https:\/\/karvebuilders.com\/fr\/sante-securite-environnement\/#breadcrumb\",\"itemListElement\":[{\"@type\":\"ListItem\",\"position\":1,\"name\":\"Home\",\"item\":\"https:\/\/karvebuilders.com\/fr\/\"},{\"@type\":\"ListItem\",\"position\":2,\"name\":\"Sant\u00e9, S\u00e9curit\u00e9 + Environnement\"}]},{\"@type\":\"WebSite\",\"@id\":\"https:\/\/karvebuilders.com\/fr\/#website\",\"url\":\"https:\/\/karvebuilders.com\/fr\/\",\"name\":\"Karve Builders\",\"description\":\"Construction Management & Site Services Support for your Turnkey Modular Project Needs\\r\\n\",\"publisher\":{\"@id\":\"https:\/\/karvebuilders.com\/fr\/#organization\"},\"potentialAction\":[{\"@type\":\"SearchAction\",\"target\":{\"@type\":\"EntryPoint\",\"urlTemplate\":\"https:\/\/karvebuilders.com\/fr\/?s={search_term_string}\"},\"query-input\":{\"@type\":\"PropertyValueSpecification\",\"valueRequired\":true,\"valueName\":\"search_term_string\"}}],\"inLanguage\":\"fr-FR\"},{\"@type\":\"Organization\",\"@id\":\"https:\/\/karvebuilders.com\/fr\/#organization\",\"name\":\"Karve Builders\",\"url\":\"https:\/\/karvebuilders.com\/fr\/\",\"logo\":{\"@type\":\"ImageObject\",\"inLanguage\":\"fr-FR\",\"@id\":\"https:\/\/karvebuilders.com\/fr\/#\/schema\/logo\/image\/\",\"url\":\"https:\/\/karvebuilders.com\/wp-content\/uploads\/2020\/10\/logo-transparent.png\",\"contentUrl\":\"https:\/\/karvebuilders.com\/wp-content\/uploads\/2020\/10\/logo-transparent.png\",\"width\":200,\"height\":150,\"caption\":\"Karve Builders\"},\"image\":{\"@id\":\"https:\/\/karvebuilders.com\/fr\/#\/schema\/logo\/image\/\"}}]}<\/script>\n<!-- \/ Yoast SEO plugin. -->","yoast_head_json":{"title":"Sant\u00e9, S\u00e9curit\u00e9 + Environnement &#8212; Karve Builders","robots":{"index":"index","follow":"follow","max-snippet":"max-snippet:-1","max-image-preview":"max-image-preview:large","max-video-preview":"max-video-preview:-1"},"canonical":"https:\/\/karvebuilders.com\/fr\/sante-securite-environnement\/","og_locale":"fr_FR","og_type":"article","og_title":"Sant\u00e9, S\u00e9curit\u00e9 + Environnement &#8212; Karve Builders","og_description":"La sant\u00e9 et la s\u00e9curit\u00e9 sont au c\u0153ur de toutes nos actions Notre culture de la sant\u00e9 et de la s\u00e9curit\u00e9 permet \u00e0 l&rsquo;\u00e9quipe de Karve Builders et \u00e0 ses partenaires de participer pleinement \u00e0 l\u2019accomplissement de notre objectif, dans un environnement sain et exempt de blessures. En tant qu&rsquo;entreprise certifi\u00e9e COR, le programme ESST &hellip; Continued","og_url":"https:\/\/karvebuilders.com\/fr\/sante-securite-environnement\/","og_site_name":"Karve Builders","article_modified_time":"2022-12-01T21:22:07+00:00","twitter_card":"summary_large_image","twitter_misc":{"Dur\u00e9e de lecture estim\u00e9e":"2 minutes"},"schema":{"@context":"https:\/\/schema.org","@graph":[{"@type":"WebPage","@id":"https:\/\/karvebuilders.com\/fr\/sante-securite-environnement\/","url":"https:\/\/karvebuilders.com\/fr\/sante-securite-environnement\/","name":"Sant\u00e9, S\u00e9curit\u00e9 + Environnement &#8212; Karve Builders","isPartOf":{"@id":"https:\/\/karvebuilders.com\/fr\/#website"},"datePublished":"2021-06-16T17:53:09+00:00","dateModified":"2022-12-01T21:22:07+00:00","breadcrumb":{"@id":"https:\/\/karvebuilders.com\/fr\/sante-securite-environnement\/#breadcrumb"},"inLanguage":"fr-FR","potentialAction":[{"@type":"ReadAction","target":["https:\/\/karvebuilders.com\/fr\/sante-securite-environnement\/"]}]},{"@type":"BreadcrumbList","@id":"https:\/\/karvebuilders.com\/fr\/sante-securite-environnement\/#breadcrumb","itemListElement":[{"@type":"ListItem","position":1,"name":"Home","item":"https:\/\/karvebuilders.com\/fr\/"},{"@type":"ListItem","position":2,"name":"Sant\u00e9, S\u00e9curit\u00e9 + Environnement"}]},{"@type":"WebSite","@id":"https:\/\/karvebuilders.com\/fr\/#website","url":"https:\/\/karvebuilders.com\/fr\/","name":"Karve Builders","description":"Construction Management & Site Services Support for your Turnkey Modular Project Needs\r\n","publisher":{"@id":"https:\/\/karvebuilders.com\/fr\/#organization"},"potentialAction":[{"@type":"SearchAction","target":{"@type":"EntryPoint","urlTemplate":"https:\/\/karvebuilders.com\/fr\/?s={search_term_string}"},"query-input":{"@type":"PropertyValueSpecification","valueRequired":true,"valueName":"search_term_string"}}],"inLanguage":"fr-FR"},{"@type":"Organization","@id":"https:\/\/karvebuilders.com\/fr\/#organization","name":"Karve Builders","url":"https:\/\/karvebuilders.com\/fr\/","logo":{"@type":"ImageObject","inLanguage":"fr-FR","@id":"https:\/\/karvebuilders.com\/fr\/#\/schema\/logo\/image\/","url":"https:\/\/karvebuilders.com\/wp-content\/uploads\/2020\/10\/logo-transparent.png","contentUrl":"https:\/\/karvebuilders.com\/wp-content\/uploads\/2020\/10\/logo-transparent.png","width":200,"height":150,"caption":"Karve Builders"},"image":{"@id":"https:\/\/karvebuilders.com\/fr\/#\/schema\/logo\/image\/"}}]}},"_links":{"self":[{"href":"https:\/\/karvebuilders.com\/fr\/wp-json\/wp\/v2\/pages\/228","targetHints":{"allow":["GET"]}}],"collection":[{"href":"https:\/\/karvebuilders.com\/fr\/wp-json\/wp\/v2\/pages"}],"about":[{"href":"https:\/\/karvebuilders.com\/fr\/wp-json\/wp\/v2\/types\/page"}],"author":[{"embeddable":true,"href":"https:\/\/karvebuilders.com\/fr\/wp-json\/wp\/v2\/users\/2"}],"replies":[{"embeddable":true,"href":"https:\/\/karvebuilders.com\/fr\/wp-json\/wp\/v2\/comments?post=228"}],"version-history":[{"count":1,"href":"https:\/\/karvebuilders.com\/fr\/wp-json\/wp\/v2\/pages\/228\/revisions"}],"predecessor-version":[{"id":229,"href":"https:\/\/karvebuilders.com\/fr\/wp-json\/wp\/v2\/pages\/228\/revisions\/229"}],"wp:attachment":[{"href":"https:\/\/karvebuilders.com\/fr\/wp-json\/wp\/v2\/media?parent=228"}],"curies":[{"name":"wp","href":"https:\/\/api.w.org\/{rel}","templated":true}]}}